{"id":27228,"date":"2020-10-29T16:15:57","date_gmt":"2020-10-29T15:15:57","guid":{"rendered":"https:\/\/new.joanna.pl\/przedstawiciele-handlowi\/"},"modified":"2020-11-12T11:40:34","modified_gmt":"2020-11-12T10:40:34","slug":"sales-representatives","status":"publish","type":"page","link":"https:\/\/www.joanna.pl\/en\/sales-representatives\/","title":{"rendered":"Sales representatives"},"content":{"rendered":"\n<p>Dzia\u0142 Sprzeda\u017cy odpowiada za prawid\u0142ow\u0105 sprzeda\u017c i ekspozycj\u0119 produkt\u00f3w Laboratorium Kosmetycznego Joanna w poszczeg\u00f3lnych kana\u0142ach dystrybucyjnych.<br>Dzi\u0119ki realizacji przyj\u0119tej strategii sprzeda\u017cy produkty firmy Joanna mo\u017cna kupi\u0107 w wi\u0119kszo\u015bci istniej\u0105cych sieci sklep\u00f3w wielkopowierzchniowych, a tak\u017ce wszystkich dobrych sklepach detalicznych r\u00f3\u017cnych kategorii (perfumerie, drogerie, sklepy przemys\u0142owo-spo\u017cywcze, wielobran\u017cowe, apteki itp.).<\/p>\n\n\n\n<p class=\"has-text-align-center\">tel.: <a href=\"tel:+48223319210\">+48 (22) 331 92 10<\/a><br>fax: +48 (22) 331 92 28<\/p>\n","protected":false},"excerpt":{"rendered":"<p>Dzia\u0142 Sprzeda\u017cy odpowiada za prawid\u0142ow\u0105 sprzeda\u017c i ekspozycj\u0119 produkt\u00f3w Laboratorium Kosmetycznego Joanna w poszczeg\u00f3lnych kana\u0142ach dystrybucyjnych.Dzi\u0119ki realizacji przyj\u0119tej strategii sprzeda\u017cy produkty firmy Joanna mo\u017cna kupi\u0107 w wi\u0119kszo\u015bci istniej\u0105cych sieci sklep\u00f3w wielkopowierzchniowych, a tak\u017ce wszystkich dobrych sklepach detalicznych r\u00f3\u017cnych kategorii (perfumerie, drogerie, sklepy przemys\u0142owo-spo\u017cywcze, wielobran\u017cowe, apteki itp.). tel.: +48 (22) 331 92 10fax: +48 (22) 331 [&hellip;]<\/p>\n","protected":false},"author":4,"featured_media":0,"parent":0,"menu_order":0,"comment_status":"closed","ping_status":"closed","template":"page-templates\/template-sales.php","meta":{"_acf_changed":false,"inline_featured_image":false,"_monsterinsights_skip_tracking":false,"_monsterinsights_sitenote_active":false,"_monsterinsights_sitenote_note":"","_monsterinsights_sitenote_category":0,"footnotes":""},"class_list":["post-27228","page","type-page","status-publish","hentry"],"acf":[],"yoast_head":"<!-- This site is optimized with the Yoast SEO plugin v27.1.1 - https:\/\/yoast.com\/product\/yoast-seo-wordpress\/ -->\n<title>Sales representatives - Joanna<\/title>\n<meta name=\"robots\" content=\"index, follow, max-snippet:-1, max-image-preview:large, max-video-preview:-1\" \/>\n<link rel=\"canonical\" href=\"https:\/\/www.joanna.pl\/en\/sales-representatives\/\" \/>\n<meta property=\"og:locale\" content=\"en_US\" \/>\n<meta property=\"og:type\" content=\"article\" \/>\n<meta property=\"og:title\" content=\"Sales representatives - Joanna\" \/>\n<meta property=\"og:description\" content=\"Dzia\u0142 Sprzeda\u017cy odpowiada za prawid\u0142ow\u0105 sprzeda\u017c i ekspozycj\u0119 produkt\u00f3w Laboratorium Kosmetycznego Joanna w poszczeg\u00f3lnych kana\u0142ach dystrybucyjnych.Dzi\u0119ki realizacji przyj\u0119tej strategii sprzeda\u017cy produkty firmy Joanna mo\u017cna kupi\u0107 w wi\u0119kszo\u015bci istniej\u0105cych sieci sklep\u00f3w wielkopowierzchniowych, a tak\u017ce wszystkich dobrych sklepach detalicznych r\u00f3\u017cnych kategorii (perfumerie, drogerie, sklepy przemys\u0142owo-spo\u017cywcze, wielobran\u017cowe, apteki itp.). tel.: +48 (22) 331 92 10fax: +48 (22) 331 [&hellip;]\" \/>\n<meta property=\"og:url\" content=\"https:\/\/www.joanna.pl\/en\/sales-representatives\/\" \/>\n<meta property=\"og:site_name\" content=\"Joanna\" \/>\n<meta property=\"article:modified_time\" content=\"2020-11-12T10:40:34+00:00\" \/>\n<meta property=\"og:image\" content=\"https:\/\/www.joanna.pl\/wp-content\/uploads\/2020\/11\/weblink-min.png\" \/>\n\t<meta property=\"og:image:width\" content=\"1200\" \/>\n\t<meta property=\"og:image:height\" content=\"630\" \/>\n\t<meta property=\"og:image:type\" content=\"image\/png\" \/>\n<meta name=\"twitter:card\" content=\"summary_large_image\" \/>\n<script type=\"application\/ld+json\" class=\"yoast-schema-graph\">{\"@context\":\"https:\/\/schema.org\",\"@graph\":[{\"@type\":\"WebPage\",\"@id\":\"https:\/\/www.joanna.pl\/en\/sales-representatives\/\",\"url\":\"https:\/\/www.joanna.pl\/en\/sales-representatives\/\",\"name\":\"Sales representatives - Joanna\",\"isPartOf\":{\"@id\":\"https:\/\/www.joanna.pl\/#website\"},\"datePublished\":\"2020-10-29T15:15:57+00:00\",\"dateModified\":\"2020-11-12T10:40:34+00:00\",\"breadcrumb\":{\"@id\":\"https:\/\/www.joanna.pl\/en\/sales-representatives\/#breadcrumb\"},\"inLanguage\":\"en-US\",\"potentialAction\":[{\"@type\":\"ReadAction\",\"target\":[\"https:\/\/www.joanna.pl\/en\/sales-representatives\/\"]}]},{\"@type\":\"BreadcrumbList\",\"@id\":\"https:\/\/www.joanna.pl\/en\/sales-representatives\/#breadcrumb\",\"itemListElement\":[{\"@type\":\"ListItem\",\"position\":1,\"name\":\"Home\",\"item\":\"https:\/\/www.joanna.pl\/en\/\"},{\"@type\":\"ListItem\",\"position\":2,\"name\":\"Sales representatives\"}]},{\"@type\":\"WebSite\",\"@id\":\"https:\/\/www.joanna.pl\/#website\",\"url\":\"https:\/\/www.joanna.pl\/\",\"name\":\"Joanna\",\"description\":\"Laboratorium Kosmetyczne Joanna\",\"potentialAction\":[{\"@type\":\"SearchAction\",\"target\":{\"@type\":\"EntryPoint\",\"urlTemplate\":\"https:\/\/www.joanna.pl\/?s={search_term_string}\"},\"query-input\":{\"@type\":\"PropertyValueSpecification\",\"valueRequired\":true,\"valueName\":\"search_term_string\"}}],\"inLanguage\":\"en-US\"}]}<\/script>\n<!-- \/ Yoast SEO plugin. -->","yoast_head_json":{"title":"Sales representatives - Joanna","robots":{"index":"index","follow":"follow","max-snippet":"max-snippet:-1","max-image-preview":"max-image-preview:large","max-video-preview":"max-video-preview:-1"},"canonical":"https:\/\/www.joanna.pl\/en\/sales-representatives\/","og_locale":"en_US","og_type":"article","og_title":"Sales representatives - Joanna","og_description":"Dzia\u0142 Sprzeda\u017cy odpowiada za prawid\u0142ow\u0105 sprzeda\u017c i ekspozycj\u0119 produkt\u00f3w Laboratorium Kosmetycznego Joanna w poszczeg\u00f3lnych kana\u0142ach dystrybucyjnych.Dzi\u0119ki realizacji przyj\u0119tej strategii sprzeda\u017cy produkty firmy Joanna mo\u017cna kupi\u0107 w wi\u0119kszo\u015bci istniej\u0105cych sieci sklep\u00f3w wielkopowierzchniowych, a tak\u017ce wszystkich dobrych sklepach detalicznych r\u00f3\u017cnych kategorii (perfumerie, drogerie, sklepy przemys\u0142owo-spo\u017cywcze, wielobran\u017cowe, apteki itp.). tel.: +48 (22) 331 92 10fax: +48 (22) 331 [&hellip;]","og_url":"https:\/\/www.joanna.pl\/en\/sales-representatives\/","og_site_name":"Joanna","article_modified_time":"2020-11-12T10:40:34+00:00","og_image":[{"width":1200,"height":630,"url":"https:\/\/www.joanna.pl\/wp-content\/uploads\/2020\/11\/weblink-min.png","type":"image\/png"}],"twitter_card":"summary_large_image","schema":{"@context":"https:\/\/schema.org","@graph":[{"@type":"WebPage","@id":"https:\/\/www.joanna.pl\/en\/sales-representatives\/","url":"https:\/\/www.joanna.pl\/en\/sales-representatives\/","name":"Sales representatives - Joanna","isPartOf":{"@id":"https:\/\/www.joanna.pl\/#website"},"datePublished":"2020-10-29T15:15:57+00:00","dateModified":"2020-11-12T10:40:34+00:00","breadcrumb":{"@id":"https:\/\/www.joanna.pl\/en\/sales-representatives\/#breadcrumb"},"inLanguage":"en-US","potentialAction":[{"@type":"ReadAction","target":["https:\/\/www.joanna.pl\/en\/sales-representatives\/"]}]},{"@type":"BreadcrumbList","@id":"https:\/\/www.joanna.pl\/en\/sales-representatives\/#breadcrumb","itemListElement":[{"@type":"ListItem","position":1,"name":"Home","item":"https:\/\/www.joanna.pl\/en\/"},{"@type":"ListItem","position":2,"name":"Sales representatives"}]},{"@type":"WebSite","@id":"https:\/\/www.joanna.pl\/#website","url":"https:\/\/www.joanna.pl\/","name":"Joanna","description":"Laboratorium Kosmetyczne Joanna","potentialAction":[{"@type":"SearchAction","target":{"@type":"EntryPoint","urlTemplate":"https:\/\/www.joanna.pl\/?s={search_term_string}"},"query-input":{"@type":"PropertyValueSpecification","valueRequired":true,"valueName":"search_term_string"}}],"inLanguage":"en-US"}]}},"_links":{"self":[{"href":"https:\/\/www.joanna.pl\/en\/wp-json\/wp\/v2\/pages\/27228","targetHints":{"allow":["GET"]}}],"collection":[{"href":"https:\/\/www.joanna.pl\/en\/wp-json\/wp\/v2\/pages"}],"about":[{"href":"https:\/\/www.joanna.pl\/en\/wp-json\/wp\/v2\/types\/page"}],"author":[{"embeddable":true,"href":"https:\/\/www.joanna.pl\/en\/wp-json\/wp\/v2\/users\/4"}],"replies":[{"embeddable":true,"href":"https:\/\/www.joanna.pl\/en\/wp-json\/wp\/v2\/comments?post=27228"}],"version-history":[{"count":0,"href":"https:\/\/www.joanna.pl\/en\/wp-json\/wp\/v2\/pages\/27228\/revisions"}],"wp:attachment":[{"href":"https:\/\/www.joanna.pl\/en\/wp-json\/wp\/v2\/media?parent=27228"}],"curies":[{"name":"wp","href":"https:\/\/api.w.org\/{rel}","templated":true}]}}