{"id":27207,"date":"2020-10-12T16:06:30","date_gmt":"2020-10-12T14:06:30","guid":{"rendered":"https:\/\/new.joanna.pl\/polityka-prywatnosci\/"},"modified":"2022-12-07T15:37:27","modified_gmt":"2022-12-07T14:37:27","slug":"polityka-prywatnosci","status":"publish","type":"page","link":"https:\/\/www.joanna.pl\/en\/polityka-prywatnosci\/","title":{"rendered":"RODO"},"content":{"rendered":"\n<p><strong>Information on the rules of processing of personal data by Joanna Cosmetic Laboratory General Partnership Bogus\u0142aw G\u00f3rka, Ryszard Korczak<\/strong><\/p>\n\n\n\n<p>Article 13 of the Regulation (EU) 2016\/679 of the European Parliament and of the Council of 27 April 2016 on the protection of natural persons with regard to the processing of personal data and on the free movement of such data, and repealing Directive 95\/46\/EC (General Data Protection Regulation) binds us, Joanna Cosmetic Laboratory General Partnership B. G\u00f3rka, R. Korczak with the registered office in Warsaw (postal code 01-510), at Gen. J\u00f3zefa Zaj\u0105czka 11\/C2, registered with&nbsp;the District Court for&nbsp;the&nbsp;capital city&nbsp;of Warsaw, XII Commercial Division&nbsp;of&nbsp;the&nbsp;National&nbsp;Court&nbsp;Register, tax identification number (NIP): 118-00-24-208, Regon number: 006740821, to provide&nbsp;the following information regarding the method of processing of personal data:<\/p>\n\n\n\n<ol class=\"wp-block-list\" type=\"1\"><li>The controller of your personal data is LK Joanna. In order to contact the controller of personal data LK Joanna, please send an e-mail to: iod@joanna.pl or call us at: +48 22&nbsp;337 09 78.<br><br><\/li><li>LK Joanna collects the following data provided voluntarily:<ul>\n<li>a. name and surname,<\/li>\n<li>b. company name,<\/li>\n<li>c. e-mail address,<\/li>\n<li>d. postal address or a different mailing address,<\/li>\n<li>e. telephone number,<\/li>\n<li>f. tax identification number (NIP) or PESEL number,<\/li>\n<li>g. data regarding health condition.<br><br>\nProviding the above-mentioned data is not required by law, nevertheless the refusal to submit it may prevent concluding an agreement, render it impossible or excessively difficult for us to exercise obligations arising from our agreements concluded with you or resulting from the provisions of law.<br><br><\/li><\/ul><\/li><li>We use the data you provide to:<ul>\n<li>a. to conduct business correspondence with you \u2013 to provide answers to your questions, requests, grievances, complaints, claims, offers,<\/li>\n<li>b. to conclude or exercise our agreement with you.<br><br>In order to process data concerning health, we require your consent (the legal basis for processing of such data is article 9, paragraph 2 of the GDPR). As far as other data is concerned, your consent is not obligatory (such processing is conducted on the basis of article 6, paragraph 1 of the GDPR).<br><br>The data provided may also be used to:<\/li>\n<li>c. determine, defend, investigate and enforce claims,<\/li>\n<li>d. conduct the marketing of own services,<\/li>\n<li>e. support service.<br><br>The processing of data in this respect does not require your consent \u2013 it is conducted on the basis of article 6, paragraph 1 of the GDPR, or article 9, paragraph 2 of the GDPR \u2013 in the case of data concerning health.<br><br><\/li><\/ul><\/li><li>Data may be shared or transferred:<ul>\n<li>a. to an IT company servicing the software used by LK Joanna to conduct our business activity \u2013 within the limits necessary to properly perform the service,<\/li>\n<li>b. to authorised public bodies \u2013 within the limits indicated by the provisions of law binding the controller to share the data with these authorities.<br><br><\/li><\/ul><\/li><li>Depending on whether you are our Client, Online Client or Supplier, your data may be processed for various lengths of time. The data will no longer be processed in the latest of the following events:<ul>\n<li>a. termination of correspondence,<\/li>\n<li>b. expiration of the period of storage of accounting documents,<\/li>\n<li>c. expiration of the period of time limits for bringing actions,<\/li>\n<li>d. closure of the account in our online store.<br><br><\/li><\/ul><\/li><li>Your rights are the following:<ul>\n<li>a. the right to obtain information about the method of data processing,<\/li>\n<li>b. the right to access your data,<\/li>\n<li>c. the right to rectify your data,<\/li>\n<li>d. the right to delete your data,<\/li>\n<li>e. the right to limit the processing of your data,<\/li>\n<li>f. the right to object to the processing of data,<\/li>\n<li>g. the right not to be subject to profiling,<\/li>\n<li>h. the right to withdraw your consent for the processing of data.<br><br><\/li><\/ul><\/li><li>You also have the right to submit a complaint to the President of the Office of Data Protection.<\/li><\/ol>\n","protected":false},"excerpt":{"rendered":"<p>Information on the rules of processing of personal data by Joanna Cosmetic Laboratory General Partnership Bogus\u0142aw G\u00f3rka, Ryszard Korczak Article 13 of the Regulation (EU) 2016\/679 of the European Parliament and of the Council of 27 April 2016 on the protection of natural persons with regard to the processing of personal data and on the [&hellip;]<\/p>\n","protected":false},"author":4,"featured_media":0,"parent":0,"menu_order":0,"comment_status":"closed","ping_status":"closed","template":"page-templates\/template-blank.php","meta":{"_acf_changed":false,"inline_featured_image":false,"_monsterinsights_skip_tracking":false,"_monsterinsights_sitenote_active":false,"_monsterinsights_sitenote_note":"","_monsterinsights_sitenote_category":0,"footnotes":""},"class_list":["post-27207","page","type-page","status-publish","hentry"],"acf":[],"yoast_head":"<!-- This site is optimized with the Yoast SEO plugin v27.1.1 - https:\/\/yoast.com\/product\/yoast-seo-wordpress\/ -->\n<title>RODO - Joanna<\/title>\n<meta name=\"robots\" content=\"index, follow, max-snippet:-1, max-image-preview:large, max-video-preview:-1\" \/>\n<link rel=\"canonical\" href=\"https:\/\/www.joanna.pl\/odo\/\" \/>\n<meta property=\"og:locale\" content=\"en_US\" \/>\n<meta property=\"og:type\" content=\"article\" \/>\n<meta property=\"og:title\" content=\"RODO - Joanna\" \/>\n<meta property=\"og:description\" content=\"Information on the rules of processing of personal data by Joanna Cosmetic Laboratory General Partnership Bogus\u0142aw G\u00f3rka, Ryszard Korczak Article 13 of the Regulation (EU) 2016\/679 of the European Parliament and of the Council of 27 April 2016 on the protection of natural persons with regard to the processing of personal data and on the [&hellip;]\" \/>\n<meta property=\"og:url\" content=\"https:\/\/www.joanna.pl\/odo\/\" \/>\n<meta property=\"og:site_name\" content=\"Joanna\" \/>\n<meta property=\"article:modified_time\" content=\"2022-12-07T14:37:27+00:00\" \/>\n<meta property=\"og:image\" content=\"https:\/\/www.joanna.pl\/wp-content\/uploads\/2020\/11\/weblink-min.png\" \/>\n\t<meta property=\"og:image:width\" content=\"1200\" \/>\n\t<meta property=\"og:image:height\" content=\"630\" \/>\n\t<meta property=\"og:image:type\" content=\"image\/png\" \/>\n<meta name=\"twitter:card\" content=\"summary_large_image\" \/>\n<meta name=\"twitter:label1\" content=\"Est. reading time\" \/>\n\t<meta name=\"twitter:data1\" content=\"3 minutes\" \/>\n<script type=\"application\/ld+json\" class=\"yoast-schema-graph\">{\"@context\":\"https:\/\/schema.org\",\"@graph\":[{\"@type\":\"WebPage\",\"@id\":\"https:\/\/www.joanna.pl\/odo\/\",\"url\":\"https:\/\/www.joanna.pl\/odo\/\",\"name\":\"RODO - Joanna\",\"isPartOf\":{\"@id\":\"https:\/\/www.joanna.pl\/#website\"},\"datePublished\":\"2020-10-12T14:06:30+00:00\",\"dateModified\":\"2022-12-07T14:37:27+00:00\",\"breadcrumb\":{\"@id\":\"https:\/\/www.joanna.pl\/odo\/#breadcrumb\"},\"inLanguage\":\"en-US\",\"potentialAction\":[{\"@type\":\"ReadAction\",\"target\":[\"https:\/\/www.joanna.pl\/odo\/\"]}]},{\"@type\":\"BreadcrumbList\",\"@id\":\"https:\/\/www.joanna.pl\/odo\/#breadcrumb\",\"itemListElement\":[{\"@type\":\"ListItem\",\"position\":1,\"name\":\"Home\",\"item\":\"https:\/\/www.joanna.pl\/en\/\"},{\"@type\":\"ListItem\",\"position\":2,\"name\":\"RODO\"}]},{\"@type\":\"WebSite\",\"@id\":\"https:\/\/www.joanna.pl\/#website\",\"url\":\"https:\/\/www.joanna.pl\/\",\"name\":\"Joanna\",\"description\":\"Laboratorium Kosmetyczne Joanna\",\"potentialAction\":[{\"@type\":\"SearchAction\",\"target\":{\"@type\":\"EntryPoint\",\"urlTemplate\":\"https:\/\/www.joanna.pl\/?s={search_term_string}\"},\"query-input\":{\"@type\":\"PropertyValueSpecification\",\"valueRequired\":true,\"valueName\":\"search_term_string\"}}],\"inLanguage\":\"en-US\"}]}<\/script>\n<!-- \/ Yoast SEO plugin. -->","yoast_head_json":{"title":"RODO - Joanna","robots":{"index":"index","follow":"follow","max-snippet":"max-snippet:-1","max-image-preview":"max-image-preview:large","max-video-preview":"max-video-preview:-1"},"canonical":"https:\/\/www.joanna.pl\/odo\/","og_locale":"en_US","og_type":"article","og_title":"RODO - Joanna","og_description":"Information on the rules of processing of personal data by Joanna Cosmetic Laboratory General Partnership Bogus\u0142aw G\u00f3rka, Ryszard Korczak Article 13 of the Regulation (EU) 2016\/679 of the European Parliament and of the Council of 27 April 2016 on the protection of natural persons with regard to the processing of personal data and on the [&hellip;]","og_url":"https:\/\/www.joanna.pl\/odo\/","og_site_name":"Joanna","article_modified_time":"2022-12-07T14:37:27+00:00","og_image":[{"width":1200,"height":630,"url":"https:\/\/www.joanna.pl\/wp-content\/uploads\/2020\/11\/weblink-min.png","type":"image\/png"}],"twitter_card":"summary_large_image","twitter_misc":{"Est. reading time":"3 minutes"},"schema":{"@context":"https:\/\/schema.org","@graph":[{"@type":"WebPage","@id":"https:\/\/www.joanna.pl\/odo\/","url":"https:\/\/www.joanna.pl\/odo\/","name":"RODO - Joanna","isPartOf":{"@id":"https:\/\/www.joanna.pl\/#website"},"datePublished":"2020-10-12T14:06:30+00:00","dateModified":"2022-12-07T14:37:27+00:00","breadcrumb":{"@id":"https:\/\/www.joanna.pl\/odo\/#breadcrumb"},"inLanguage":"en-US","potentialAction":[{"@type":"ReadAction","target":["https:\/\/www.joanna.pl\/odo\/"]}]},{"@type":"BreadcrumbList","@id":"https:\/\/www.joanna.pl\/odo\/#breadcrumb","itemListElement":[{"@type":"ListItem","position":1,"name":"Home","item":"https:\/\/www.joanna.pl\/en\/"},{"@type":"ListItem","position":2,"name":"RODO"}]},{"@type":"WebSite","@id":"https:\/\/www.joanna.pl\/#website","url":"https:\/\/www.joanna.pl\/","name":"Joanna","description":"Laboratorium Kosmetyczne Joanna","potentialAction":[{"@type":"SearchAction","target":{"@type":"EntryPoint","urlTemplate":"https:\/\/www.joanna.pl\/?s={search_term_string}"},"query-input":{"@type":"PropertyValueSpecification","valueRequired":true,"valueName":"search_term_string"}}],"inLanguage":"en-US"}]}},"_links":{"self":[{"href":"https:\/\/www.joanna.pl\/en\/wp-json\/wp\/v2\/pages\/27207","targetHints":{"allow":["GET"]}}],"collection":[{"href":"https:\/\/www.joanna.pl\/en\/wp-json\/wp\/v2\/pages"}],"about":[{"href":"https:\/\/www.joanna.pl\/en\/wp-json\/wp\/v2\/types\/page"}],"author":[{"embeddable":true,"href":"https:\/\/www.joanna.pl\/en\/wp-json\/wp\/v2\/users\/4"}],"replies":[{"embeddable":true,"href":"https:\/\/www.joanna.pl\/en\/wp-json\/wp\/v2\/comments?post=27207"}],"version-history":[{"count":0,"href":"https:\/\/www.joanna.pl\/en\/wp-json\/wp\/v2\/pages\/27207\/revisions"}],"wp:attachment":[{"href":"https:\/\/www.joanna.pl\/en\/wp-json\/wp\/v2\/media?parent=27207"}],"curies":[{"name":"wp","href":"https:\/\/api.w.org\/{rel}","templated":true}]}}